{"id":21,"date":"2023-12-11T21:17:16","date_gmt":"2023-12-11T20:17:16","guid":{"rendered":"https:\/\/alixderivoyre.com\/?page_id=21"},"modified":"2024-05-14T15:14:38","modified_gmt":"2024-05-14T13:14:38","slug":"temoignages","status":"publish","type":"page","link":"https:\/\/alixderivoyre.com\/index.php\/temoignages\/","title":{"rendered":"T\u00e9moignages"},"content":{"rendered":"\n<p><\/p>\n\n\n\n<div class=\"wp-block-columns alignfull are-vertically-aligned-top is-layout-flex wp-container-core-columns-is-layout-9d6595d7 wp-block-columns-is-layout-flex\">\n<div class=\"wp-block-column is-vertically-aligned-top is-layout-flow wp-block-column-is-layout-flow\">\n<p class=\"has-text-align-center\">\u00ab&nbsp;Alix m&#8217;a accompagn\u00e9e dans le cadre de difficult\u00e9s rencontr\u00e9es dans le domaine professionnel.<\/p>\n\n\n\n<p class=\"has-text-align-center\">Elle a su faire preuve d&#8217;une grande \u00e9coute et a su s&#8217;adapter \u00e0 mon besoin ou mon \u00e9motion du moment. J&#8217;ai beaucoup appr\u00e9ci\u00e9 son approche \u00e0 la fois bienveillante mais aussi pragmatique et tr\u00e8s professionnelle, avec des objectifs clairement d\u00e9finis qui sont rest\u00e9s le fil rouge de toutes nos s\u00e9ances.&nbsp;<\/p>\n\n\n\n<p class=\"has-text-align-center\">Elle m&#8217;a aussi partag\u00e9 des concepts et notions que j&#8217;ai trouv\u00e9s particuli\u00e8rement adapt\u00e9s, me permettant de d\u00e9crypter et d&#8217;appr\u00e9hender diff\u00e9remment certaines situations ou attitudes.<\/p>\n\n\n\n<p class=\"has-text-align-center\">Gr\u00e2ce \u00e0 ce coaching, j&#8217;ai appris \u00e0 \u00eatre plus \u00e0 l&#8217;\u00e9coute de mes ressentis, de mes besoins et \u00e0 me mettre en action pour y r\u00e9pondre.&nbsp;<\/p>\n\n\n\n<p class=\"has-text-align-center\">J&#8217;en suis ressortie grandie et munie d&#8217;outils concrets parmi lesquels je peux piocher quand j&#8217;en ressens le besoin.&nbsp;\u200b<\/p>\n\n\n\n<p class=\"has-text-align-center\">Alix est une excellente coach : elle m&#8217;a beaucoup apport\u00e9 et je la recommande \u00e0 200% !&nbsp;\u00bb<\/p>\n\n\n\n<p><\/p>\n\n\n\n<p class=\"has-text-align-center\"><em>Emilie, charg\u00e9e de programme en milieu associatif<\/em><\/p>\n<\/div>\n\n\n\n<div class=\"wp-block-column is-vertically-aligned-top is-layout-flow wp-block-column-is-layout-flow\">\n<p class=\"has-text-align-center\">\u00ab Alix est un bon coach, \u00e0 l&#8217;\u00e9coute et bienveillante.&nbsp;<\/p>\n\n\n\n<p class=\"has-text-align-center\">Nos s\u00e9ances ont \u00e9t\u00e9 tr\u00e8s constructives et m&#8217;ont permis de bien cerner les choses et de les voir avec plus de recul. Je suis tr\u00e8s contente de l&#8217;accompagnement r\u00e9alis\u00e9 avec elle.<\/p>\n\n\n\n<p class=\"has-text-align-center\">Je recommande vivement. \u00bb<\/p>\n\n\n\n<p><\/p>\n\n\n\n<p class=\"has-text-align-center\"><em>Andr\u00e9ane, chef d&#8217;entreprise<\/em><\/p>\n<\/div>\n\n\n\n<div class=\"wp-block-column is-vertically-aligned-top is-layout-flow wp-block-column-is-layout-flow\">\n<p class=\"has-text-align-center\">\u00ab I had a great experience working together with Alix on my two personal objectives during the coaching sessions. One of the objectives was dedicated to the working out of the efficient communication strategy as I changed the level of the organisational hierarchy. I was impressed that we were able to prepare the communication strategy after two sessions. The second objective due to the psychological&nbsp;complexity took four sessions, but still was efficiently&nbsp;supported and finished with the direct plan of actions.<\/p>\n\n\n\n<p class=\"has-text-align-center\">What I liked most while working together with Alix, is her ability to push you gently and intelligently to the insight and supporting its development into a strong self confidence. She will not spend your precious time &#8211; she would go straight to the point and nudge&nbsp;you to the direct action plan. Really efficient, really inspiring and intelligent coach.\u00bb<\/p>\n\n\n\n<p><\/p>\n\n\n\n<p class=\"has-text-align-center\"><em>Sofia, cadre RH dans l&#8217;industrie<\/em><\/p>\n<\/div>\n<\/div>\n\n\n\n<p><\/p>\n","protected":false},"excerpt":{"rendered":"<p>\u00ab&nbsp;Alix m&#8217;a accompagn\u00e9e dans le cadre de difficult\u00e9s rencontr\u00e9es dans le domaine professionnel. Elle a su faire preuve d&#8217;une grande \u00e9coute et a su s&#8217;adapter \u00e0 mon besoin ou mon \u00e9motion du moment. J&#8217;ai beaucoup appr\u00e9ci\u00e9 son approche \u00e0 la fois bienveillante mais aussi pragmatique et tr\u00e8s professionnelle, avec des objectifs clairement d\u00e9finis qui sont [&hellip;]<\/p>\n","protected":false},"author":1,"featured_media":0,"parent":0,"menu_order":0,"comment_status":"closed","ping_status":"closed","template":"","meta":{"hide_page_title":"","_coblocks_attr":"","_coblocks_dimensions":"","_coblocks_responsive_height":"","_coblocks_accordion_ie_support":"","footnotes":""},"class_list":["post-21","page","type-page","status-publish","hentry"],"_links":{"self":[{"href":"https:\/\/alixderivoyre.com\/index.php\/wp-json\/wp\/v2\/pages\/21","targetHints":{"allow":["GET"]}}],"collection":[{"href":"https:\/\/alixderivoyre.com\/index.php\/wp-json\/wp\/v2\/pages"}],"about":[{"href":"https:\/\/alixderivoyre.com\/index.php\/wp-json\/wp\/v2\/types\/page"}],"author":[{"embeddable":true,"href":"https:\/\/alixderivoyre.com\/index.php\/wp-json\/wp\/v2\/users\/1"}],"replies":[{"embeddable":true,"href":"https:\/\/alixderivoyre.com\/index.php\/wp-json\/wp\/v2\/comments?post=21"}],"version-history":[{"count":10,"href":"https:\/\/alixderivoyre.com\/index.php\/wp-json\/wp\/v2\/pages\/21\/revisions"}],"predecessor-version":[{"id":98,"href":"https:\/\/alixderivoyre.com\/index.php\/wp-json\/wp\/v2\/pages\/21\/revisions\/98"}],"wp:attachment":[{"href":"https:\/\/alixderivoyre.com\/index.php\/wp-json\/wp\/v2\/media?parent=21"}],"curies":[{"name":"wp","href":"https:\/\/api.w.org\/{rel}","templated":true}]}}